{"id":1378,"date":"2024-05-03T00:07:05","date_gmt":"2024-05-02T22:07:05","guid":{"rendered":"https:\/\/detestablegames.com\/?page_id=1378"},"modified":"2024-05-14T00:52:44","modified_gmt":"2024-05-13T22:52:44","slug":"aviso-de-privacidad","status":"publish","type":"page","link":"https:\/\/detestablegames.com\/en\/aviso-de-privacidad\/","title":{"rendered":"Privacy Policy"},"content":{"rendered":"<div data-elementor-type=\"wp-page\" data-elementor-id=\"1378\" class=\"elementor elementor-1378\" data-elementor-post-type=\"page\">\n\t\t\t\t<div class=\"elementor-element elementor-element-87a80d4 e-flex e-con-boxed e-con e-parent\" data-id=\"87a80d4\" data-element_type=\"container\">\n\t\t\t\t\t<div class=\"e-con-inner\">\n\t\t<div class=\"elementor-element elementor-element-b1970e2 e-con-full e-flex e-con e-child\" data-id=\"b1970e2\" data-element_type=\"container\">\n\t\t\t\t<div class=\"elementor-element elementor-element-482c5b8 elementor-widget elementor-widget-heading\" data-id=\"482c5b8\" data-element_type=\"widget\" data-widget_type=\"heading.default\">\n\t\t\t\t<div class=\"elementor-widget-container\">\n\t\t\t<style>\/*! elementor - v3.21.0 - 26-05-2024 *\/\n.elementor-heading-title{padding:0;margin:0;line-height:1}.elementor-widget-heading .elementor-heading-title[class*=elementor-size-]>a{color:inherit;font-size:inherit;line-height:inherit}.elementor-widget-heading .elementor-heading-title.elementor-size-small{font-size:15px}.elementor-widget-heading .elementor-heading-title.elementor-size-medium{font-size:19px}.elementor-widget-heading .elementor-heading-title.elementor-size-large{font-size:29px}.elementor-widget-heading .elementor-heading-title.elementor-size-xl{font-size:39px}.elementor-widget-heading .elementor-heading-title.elementor-size-xxl{font-size:59px}<\/style><h2 class=\"elementor-heading-title elementor-size-default\">Privacy Policy<\/h2>\t\t<\/div>\n\t\t\t\t<\/div>\n\t\t\t\t<div class=\"elementor-element elementor-element-6614bc1 elementor-widget elementor-widget-text-editor\" data-id=\"6614bc1\" data-element_type=\"widget\" data-widget_type=\"text-editor.default\">\n\t\t\t\t<div class=\"elementor-widget-container\">\n\t\t\t<style>\/*! elementor - v3.21.0 - 26-05-2024 *\/\n.elementor-widget-text-editor.elementor-drop-cap-view-stacked .elementor-drop-cap{background-color:#69727d;color:#fff}.elementor-widget-text-editor.elementor-drop-cap-view-framed .elementor-drop-cap{color:#69727d;border:3px solid;background-color:transparent}.elementor-widget-text-editor:not(.elementor-drop-cap-view-default) .elementor-drop-cap{margin-top:8px}.elementor-widget-text-editor:not(.elementor-drop-cap-view-default) .elementor-drop-cap-letter{width:1em;height:1em}.elementor-widget-text-editor .elementor-drop-cap{float:left;text-align:center;line-height:1;font-size:50px}.elementor-widget-text-editor .elementor-drop-cap-letter{display:inline-block}<\/style>\t\t\t\t<p>Detestable Games, located at Av. Ludwig Van Beethoven 5162, Colonia La Estancia, 45030 in the city of Zapopan, Jalisco, is responsible for the processing of personal data provided by our users.<\/p><p>This Privacy Policy sets out the terms under which Detestable Games uses and protects the information provided by its users when using its website. This brand is committed to the security of its users' data. When we ask you to fill in personal information fields with which you can be identified, we do so ensuring that it is only used in accordance with the terms of this document. However, this privacy policy may change over time or be updated, so we recommend and emphasize continuously reviewing this document to ensure that you agree with any such changes. The personal data that we collect from you will be used for the following purposes:<\/p><p>Means to Limit the Use or Disclosure of Personal Data<\/p><p>At Detestable Games, we are especially concerned about security and ensuring the confidentiality of the data provided by our users. Therefore, Detestable Games undertakes to comply with the provisions of the Federal Consumer Protection Law, as well as each and every one of the current provisions contained in the Personal Data Protection Law held by Individuals. At the moment you register your personal data, it will be used confidentially.<\/p><p>If you do not wish for your personal data to be processed for additional purposes, you can express this by email to: detestablegames@gmail.com<\/p>\t\t\t\t\t\t<\/div>\n\t\t\t\t<\/div>\n\t\t\t\t<\/div>\n\t\t\t\t\t<\/div>\n\t\t\t\t<\/div>\n\t\t\t\t<\/div>","protected":false},"excerpt":{"rendered":"<p>Aviso de Privacidad Detestable Games, con domicilio en Av. Ludwig Van Beethoven 5162, Colonia La Estancia, 45030 en la ciudad de Zapopan Jalisco, es el responsable del tratamiento de los datos personales que nos proporcione. El presente Pol\u00edtica de Privacidad establece los t\u00e9rminos en que Detestable Games usa y protege la informaci\u00f3n que es proporcionada [&hellip;]<\/p>","protected":false},"author":1,"featured_media":0,"parent":0,"menu_order":0,"comment_status":"closed","ping_status":"closed","template":"","meta":{"footnotes":""},"class_list":["post-1378","page","type-page","status-publish","hentry"],"aioseo_notices":[],"_links":{"self":[{"href":"https:\/\/detestablegames.com\/en\/wp-json\/wp\/v2\/pages\/1378","targetHints":{"allow":["GET"]}}],"collection":[{"href":"https:\/\/detestablegames.com\/en\/wp-json\/wp\/v2\/pages"}],"about":[{"href":"https:\/\/detestablegames.com\/en\/wp-json\/wp\/v2\/types\/page"}],"author":[{"embeddable":true,"href":"https:\/\/detestablegames.com\/en\/wp-json\/wp\/v2\/users\/1"}],"replies":[{"embeddable":true,"href":"https:\/\/detestablegames.com\/en\/wp-json\/wp\/v2\/comments?post=1378"}],"version-history":[{"count":22,"href":"https:\/\/detestablegames.com\/en\/wp-json\/wp\/v2\/pages\/1378\/revisions"}],"predecessor-version":[{"id":1404,"href":"https:\/\/detestablegames.com\/en\/wp-json\/wp\/v2\/pages\/1378\/revisions\/1404"}],"wp:attachment":[{"href":"https:\/\/detestablegames.com\/en\/wp-json\/wp\/v2\/media?parent=1378"}],"curies":[{"name":"wp","href":"https:\/\/api.w.org\/{rel}","templated":true}]}}